{"id":2195,"date":"2022-11-21T08:48:50","date_gmt":"2022-11-21T08:48:50","guid":{"rendered":"https:\/\/www.labor-stoecker.com\/kontakt\/"},"modified":"2025-03-25T13:38:55","modified_gmt":"2025-03-25T13:38:55","slug":"contact","status":"publish","type":"page","link":"https:\/\/www.labor-stoecker.com\/en\/contact\/","title":{"rendered":"Contact"},"content":{"rendered":"\t\t<div data-elementor-type=\"wp-page\" data-elementor-id=\"2195\" class=\"elementor elementor-2195 elementor-379\">\n\t\t\t\t\t\t<section class=\"elementor-section elementor-top-section elementor-element elementor-element-1f07246 elementor-section-full_width elementor-section-height-default elementor-section-height-default\" data-id=\"1f07246\" data-element_type=\"section\" data-e-type=\"section\">\n\t\t\t\t\t\t<div class=\"elementor-container elementor-column-gap-default\">\n\t\t\t\t\t<div class=\"elementor-column elementor-col-100 elementor-top-column elementor-element elementor-element-96bd926\" data-id=\"96bd926\" data-element_type=\"column\" data-e-type=\"column\">\n\t\t\t<div class=\"elementor-widget-wrap elementor-element-populated\">\n\t\t\t\t\t\t<div class=\"elementor-element elementor-element-62f853f elementor-widget elementor-widget-biogenix_get_in_touch\" data-id=\"62f853f\" data-element_type=\"widget\" data-e-type=\"widget\" data-widget_type=\"biogenix_get_in_touch.default\">\n\t\t\t\t<div class=\"elementor-widget-container\">\n\t\t\t\t\t\t\n\t<!-- contact-info-section -->\n\t<section class=\"contact-info-section\">\n\t\t<div class=\"auto-container\">\n\t\t\t<div class=\"upper-box\">\n\t\t\t\t<div class=\"row clearfix\"> \n\t\t\t\t\t \t\t\t\t\t \n\t\t\t\t\t<div class=\"col-lg-5 col-md-12 col-sm-12 content-column\">\n\t\t\t\t\t\t<div class=\"content-box\">\n\t\t\t\t\t\t\t\t\t\t\t\t\t<div class=\"sec-title\">\n\t\t\t\t\t\t\t\t\t\t\t\t\t\t\t\t<h2>Contact\n<\/h2>\t\t\t\t\t\t\t<\/div>\n\t\t\t\t\t\t \t\t\t\t\t\t\t\n\t\t\t\t\t\t \n\t\t\t\t\t\t\t\t\t\t\t\t\t\t<div class=\"text\">\n\t\t\t\t\t\t\t\t<p><h3 class=\"adress-h3\">Adress<\/h3>\n<b>Prof. h.c. (RCH) Dr. med. Winfried St\u00f6cker<\/b><br \/><br \/>\nClinical Immunological Laboratory <br \/>\nAm Sonnenberg 9<br \/>\nD-23627 Gro\u00df Gr\u00f6nau (Germany)\n<p><\/p>\n<h5 class=\"kontakth6\"><a href=\"https:\/\/maps.app.goo.gl\/gofPQSCbrvzxb9DS7\" target=\"_blank\">To Google Maps<i class=\"flaticon-right-arrow\"><\/i><\/a><\/h5>\n\n<\/p>\t\t\t\t\t\t\t<\/div>\n\t\t\t\t\t\t\t\t\t\t\t\t\t\t\n\t\t\t\t\t\t\t\n\t\t\t\t\t\t\t\t\t\t\t\t\t<\/div>\n\t\t\t\t\t<\/div>\n\t\t\t\t<\/div>\n\t\t\t<\/div>\n\t\t\t<div class=\"lower-box\">\n\t\t\t\t<div class=\"row clearfix\">\n\t\t\t\t\t\t\t\t\t<div class=\"col-lg-4 col-md-6 col-sm-12 single-column\">\n\t\t\t\t\t\t<div class=\"single-item\">\n\t\t\t\t\t\t\t<div class=\"icon-box\"><i class=\"\"><\/i><\/div>\n\t\t\t\t\t\t\t<h3>Phone and E-Mail<\/h3>\n\t\t\t\t\t\t\t<p>Phone:    <a href=\"tel:494515855100\">+49 (451) 5855 100<\/a><br \/>\nfor questions concerning invoices: <br \/><a href=\"tel:494515855102\">+49 (451) 5855 102<\/a><br \/>\nFax:   +49 (451) 5855 101\n<h5 class=\"kontakth6\"><a href=\"mailto:info@labor-stoecker.de\" target=\"_blank\">E-Mail<i class=\"flaticon-right-arrow\"><\/i><\/a><\/h5><\/p>\n\t\t\t\t\t\t\t<h6><a href=\"\"><i class=\"flaticon-right-arrow\"><\/i><\/a><\/h6>\n\t\t\t\t\t\t<\/div>\n\t\t\t\t\t<\/div>\n\t\t\t\t\t\t\t\t\t\t<div class=\"col-lg-4 col-md-6 col-sm-12 single-column\">\n\t\t\t\t\t\t<div class=\"single-item\">\n\t\t\t\t\t\t\t<div class=\"icon-box\"><i class=\"\"><\/i><\/div>\n\t\t\t\t\t\t\t<h3>Opening hours<\/h3>\n\t\t\t\t\t\t\t<p><b>Opening hours and receiving of samples:<\/b><br \/>\nMonday - Friday 7:30 AM - 5 PM\n\n<br \/><br \/>\n<b>medical consultation hours:\n<\/b><br \/>\nMonday  &amp; Wednesday: 10 AM - 3 PM<br \/>\nTuesday &amp; Thursday: 10 AM - 5 PM<br \/>\nFriday: 10 AM - 1 PM <\/p>\n\t\t\t\t\t\t\t<h6><a href=\"\"><i class=\"flaticon-right-arrow\"><\/i><\/a><\/h6>\n\t\t\t\t\t\t<\/div>\n\t\t\t\t\t<\/div>\n\t\t\t\t\t\t\t\t\t\t<div class=\"col-lg-4 col-md-6 col-sm-12 single-column\">\n\t\t\t\t\t\t<div class=\"single-item\">\n\t\t\t\t\t\t\t<div class=\"icon-box\"><i class=\"\"><\/i><\/div>\n\t\t\t\t\t\t\t<h3>Team<\/h3>\n\t\t\t\t\t\t\t<p><b>Clinical pathologists:<\/b><br>\nProf. h.c. (RCH) Dr. med. Winfried St\u00f6cker\n<br><br>\n<b>Laboratory management:<\/b><br>\nDr. Bianca Teegen<br>\nKristin Rentzsch<\/p>\n\t\t\t\t\t\t\t<h6><a href=\"\"><i class=\"flaticon-right-arrow\"><\/i><\/a><\/h6>\n\t\t\t\t\t\t<\/div>\n\t\t\t\t\t<\/div>\n\t\t\t\t\t\t\t\t\t\t<div class=\"col-lg-4 col-md-6 col-sm-12 single-column\">\n\t\t\t\t\t\t<div class=\"single-item\">\n\t\t\t\t\t\t\t<div class=\"icon-box\"><i class=\"\"><\/i><\/div>\n\t\t\t\t\t\t\t<h3>Analysis and samples<\/h3>\n\t\t\t\t\t\t\t<p>Forms for test orders can be found under <a href=\"https:\/\/www.labor-stoecker.com\/en\/downloads\/\">Downloads<\/a>.\n<br \/><br \/>\nWhen shipping samples, please ensure proper packaging according to UN3373.\n<h5 class=\"kontakth6\"><a href=\"https:\/\/www.labor-stoecker.com\/wp-content\/uploads\/pdf-downloads\/praeanalytik_en.pdf \" target=\"_blank\">Information for preanalytics<i class=\"flaticon-right-arrow\"><\/i><\/a><\/h5><\/p>\n\t\t\t\t\t\t\t<h6><a href=\"https:\/\/www.labor-stoecker.com\/downloads\/\">Downloads<i class=\"flaticon-right-arrow\"><\/i><\/a><\/h6>\n\t\t\t\t\t\t<\/div>\n\t\t\t\t\t<\/div>\n\t\t\t\t\t\t\t\t\t\t<div class=\"col-lg-4 col-md-6 col-sm-12 single-column\">\n\t\t\t\t\t\t<div class=\"single-item\">\n\t\t\t\t\t\t\t<div class=\"icon-box\"><i class=\"\"><\/i><\/div>\n\t\t\t\t\t\t\t<h3>Job applications\n<\/h3>\n\t\t\t\t\t\t\t<p> Please send your application to the address given above!\n\n<h5 class=\"kontakth6\"><a href=\"mailto:info@labor-stoecker.de?subject=Job application\" target=\"_blank\">We look forward to seeing you<i class=\"flaticon-right-arrow\"><\/i><\/a><\/h5>\n\n<\/p>\n\t\t\t\t\t\t\t<h6><a href=\"\"><i class=\"flaticon-right-arrow\"><\/i><\/a><\/h6>\n\t\t\t\t\t\t<\/div>\n\t\t\t\t\t<\/div>\n\t\t\t\t\t\t\t\t\t\t<div class=\"col-lg-4 col-md-6 col-sm-12 single-column\">\n\t\t\t\t\t\t<div class=\"single-item\">\n\t\t\t\t\t\t\t<div class=\"icon-box\"><i class=\"\"><\/i><\/div>\n\t\t\t\t\t\t\t<h3>Complaints and feedback <\/h3>\n\t\t\t\t\t\t\t<p><h5 class=\"kontakth6\"><a href=\"mailto:info@labor-stoecker.de\" target=\"_blank\">Send us your complaints!<i class=\"flaticon-right-arrow\"><\/i><\/a><\/h5>\n\n<br \/>\n<h5 class=\"kontakth6\"><a href=\"https:\/\/www.labor-stoecker.com\/wp-content\/uploads\/pdf-downloads\/feedback_en.pdf\" target=\"_blank\">Send us your feedback!<i class=\"flaticon-right-arrow\"><\/i><\/a><\/h5>\n<br \/>\nYou can contact our Medical Device Safety Officer in accordance with \u00a7 6 of the Medical Device Operator Ordinance\n<h5 class=\"kontakth6\"><a href=\"mailto:MPS@labor-stoecker.de\" target=\"_blank\">Medical Device Safety Officer\n<i class=\"flaticon-right-arrow\"><\/i><\/a><\/h5>\n<\/p>\n\t\t\t\t\t\t\t<h6><a href=\"\"><i class=\"flaticon-right-arrow\"><\/i><\/a><\/h6>\n\t\t\t\t\t\t<\/div>\n\t\t\t\t\t<\/div>\n\t\t\t\t\t\t\t\t\t<\/div>\n\t\t\t<\/div>\n\t\t<\/div>\n\t<\/section>\n\t<!-- contact-info-section end -->\n\t\n\t\t\t\t\t<\/div>\n\t\t\t\t<\/div>\n\t\t\t\t\t<\/div>\n\t\t<\/div>\n\t\t\t\t\t<\/div>\n\t\t<\/section>\n\t\t\t\t<\/div>\n\t\t","protected":false},"excerpt":{"rendered":"<p>Contact Adress Prof. h.c. (RCH) Dr. med. Winfried St\u00f6cker Clinical Immunological Laboratory Am Sonnenberg 9 D-23627 Gro\u00df Gr\u00f6nau (Germany) To Google Maps Phone and E-Mail Phone: +49 (451) 5855 100 for questions concerning invoices: +49 (451) 5855 102 Fax: +49 (451) 5855 101 E-Mail Opening hours Opening hours and receiving of samples: Monday &#8211; Friday [&hellip;]<\/p>\n","protected":false},"author":1,"featured_media":0,"parent":0,"menu_order":0,"comment_status":"closed","ping_status":"closed","template":"tpl-default-elementor.php","meta":{"footnotes":""},"class_list":["post-2195","page","type-page","status-publish","hentry"],"yoast_head":"<!-- This site is optimized with the Yoast SEO plugin v27.1.1 - https:\/\/yoast.com\/product\/yoast-seo-wordpress\/ -->\n<title>Contact - Labor St\u00f6cker<\/title>\n<meta name=\"robots\" content=\"index, follow, max-snippet:-1, max-image-preview:large, max-video-preview:-1\" \/>\n<link rel=\"canonical\" href=\"https:\/\/www.labor-stoecker.com\/en\/contact\/\" \/>\n<meta property=\"og:locale\" content=\"en_US\" \/>\n<meta property=\"og:type\" content=\"article\" \/>\n<meta property=\"og:title\" content=\"Contact - Labor St\u00f6cker\" \/>\n<meta property=\"og:description\" content=\"Contact Adress Prof. h.c. (RCH) Dr. med. Winfried St\u00f6cker Clinical Immunological Laboratory Am Sonnenberg 9 D-23627 Gro\u00df Gr\u00f6nau (Germany) To Google Maps Phone and E-Mail Phone: +49 (451) 5855 100 for questions concerning invoices: +49 (451) 5855 102 Fax: +49 (451) 5855 101 E-Mail Opening hours Opening hours and receiving of samples: Monday &#8211; Friday [&hellip;]\" \/>\n<meta property=\"og:url\" content=\"https:\/\/www.labor-stoecker.com\/en\/contact\/\" \/>\n<meta property=\"og:site_name\" content=\"Labor St\u00f6cker\" \/>\n<meta property=\"article:modified_time\" content=\"2025-03-25T13:38:55+00:00\" \/>\n<meta name=\"twitter:card\" content=\"summary_large_image\" \/>\n<meta name=\"twitter:label1\" content=\"Est. reading time\" \/>\n\t<meta name=\"twitter:data1\" content=\"1 minute\" \/>\n<script type=\"application\/ld+json\" class=\"yoast-schema-graph\">{\"@context\":\"https:\/\/schema.org\",\"@graph\":[{\"@type\":\"WebPage\",\"@id\":\"https:\/\/www.labor-stoecker.com\/en\/contact\/\",\"url\":\"https:\/\/www.labor-stoecker.com\/en\/contact\/\",\"name\":\"Contact - Labor St\u00f6cker\",\"isPartOf\":{\"@id\":\"https:\/\/www.labor-stoecker.com\/#website\"},\"datePublished\":\"2022-11-21T08:48:50+00:00\",\"dateModified\":\"2025-03-25T13:38:55+00:00\",\"breadcrumb\":{\"@id\":\"https:\/\/www.labor-stoecker.com\/en\/contact\/#breadcrumb\"},\"inLanguage\":\"en-US\",\"potentialAction\":[{\"@type\":\"ReadAction\",\"target\":[\"https:\/\/www.labor-stoecker.com\/en\/contact\/\"]}]},{\"@type\":\"BreadcrumbList\",\"@id\":\"https:\/\/www.labor-stoecker.com\/en\/contact\/#breadcrumb\",\"itemListElement\":[{\"@type\":\"ListItem\",\"position\":1,\"name\":\"Startseite\",\"item\":\"https:\/\/www.labor-stoecker.com\/\"},{\"@type\":\"ListItem\",\"position\":2,\"name\":\"Contact\"}]},{\"@type\":\"WebSite\",\"@id\":\"https:\/\/www.labor-stoecker.com\/#website\",\"url\":\"https:\/\/www.labor-stoecker.com\/\",\"name\":\"Labor St\u00f6cker\",\"description\":\"Forschung und Diagnostik\",\"potentialAction\":[{\"@type\":\"SearchAction\",\"target\":{\"@type\":\"EntryPoint\",\"urlTemplate\":\"https:\/\/www.labor-stoecker.com\/?s={search_term_string}\"},\"query-input\":{\"@type\":\"PropertyValueSpecification\",\"valueRequired\":true,\"valueName\":\"search_term_string\"}}],\"inLanguage\":\"en-US\"}]}<\/script>\n<!-- \/ Yoast SEO plugin. -->","yoast_head_json":{"title":"Contact - Labor St\u00f6cker","robots":{"index":"index","follow":"follow","max-snippet":"max-snippet:-1","max-image-preview":"max-image-preview:large","max-video-preview":"max-video-preview:-1"},"canonical":"https:\/\/www.labor-stoecker.com\/en\/contact\/","og_locale":"en_US","og_type":"article","og_title":"Contact - Labor St\u00f6cker","og_description":"Contact Adress Prof. h.c. (RCH) Dr. med. Winfried St\u00f6cker Clinical Immunological Laboratory Am Sonnenberg 9 D-23627 Gro\u00df Gr\u00f6nau (Germany) To Google Maps Phone and E-Mail Phone: +49 (451) 5855 100 for questions concerning invoices: +49 (451) 5855 102 Fax: +49 (451) 5855 101 E-Mail Opening hours Opening hours and receiving of samples: Monday &#8211; Friday [&hellip;]","og_url":"https:\/\/www.labor-stoecker.com\/en\/contact\/","og_site_name":"Labor St\u00f6cker","article_modified_time":"2025-03-25T13:38:55+00:00","twitter_card":"summary_large_image","twitter_misc":{"Est. reading time":"1 minute"},"schema":{"@context":"https:\/\/schema.org","@graph":[{"@type":"WebPage","@id":"https:\/\/www.labor-stoecker.com\/en\/contact\/","url":"https:\/\/www.labor-stoecker.com\/en\/contact\/","name":"Contact - Labor St\u00f6cker","isPartOf":{"@id":"https:\/\/www.labor-stoecker.com\/#website"},"datePublished":"2022-11-21T08:48:50+00:00","dateModified":"2025-03-25T13:38:55+00:00","breadcrumb":{"@id":"https:\/\/www.labor-stoecker.com\/en\/contact\/#breadcrumb"},"inLanguage":"en-US","potentialAction":[{"@type":"ReadAction","target":["https:\/\/www.labor-stoecker.com\/en\/contact\/"]}]},{"@type":"BreadcrumbList","@id":"https:\/\/www.labor-stoecker.com\/en\/contact\/#breadcrumb","itemListElement":[{"@type":"ListItem","position":1,"name":"Startseite","item":"https:\/\/www.labor-stoecker.com\/"},{"@type":"ListItem","position":2,"name":"Contact"}]},{"@type":"WebSite","@id":"https:\/\/www.labor-stoecker.com\/#website","url":"https:\/\/www.labor-stoecker.com\/","name":"Labor St\u00f6cker","description":"Forschung und Diagnostik","potentialAction":[{"@type":"SearchAction","target":{"@type":"EntryPoint","urlTemplate":"https:\/\/www.labor-stoecker.com\/?s={search_term_string}"},"query-input":{"@type":"PropertyValueSpecification","valueRequired":true,"valueName":"search_term_string"}}],"inLanguage":"en-US"}]}},"_links":{"self":[{"href":"https:\/\/www.labor-stoecker.com\/en\/wp-json\/wp\/v2\/pages\/2195","targetHints":{"allow":["GET"]}}],"collection":[{"href":"https:\/\/www.labor-stoecker.com\/en\/wp-json\/wp\/v2\/pages"}],"about":[{"href":"https:\/\/www.labor-stoecker.com\/en\/wp-json\/wp\/v2\/types\/page"}],"author":[{"embeddable":true,"href":"https:\/\/www.labor-stoecker.com\/en\/wp-json\/wp\/v2\/users\/1"}],"replies":[{"embeddable":true,"href":"https:\/\/www.labor-stoecker.com\/en\/wp-json\/wp\/v2\/comments?post=2195"}],"version-history":[{"count":91,"href":"https:\/\/www.labor-stoecker.com\/en\/wp-json\/wp\/v2\/pages\/2195\/revisions"}],"predecessor-version":[{"id":2623,"href":"https:\/\/www.labor-stoecker.com\/en\/wp-json\/wp\/v2\/pages\/2195\/revisions\/2623"}],"wp:attachment":[{"href":"https:\/\/www.labor-stoecker.com\/en\/wp-json\/wp\/v2\/media?parent=2195"}],"curies":[{"name":"wp","href":"https:\/\/api.w.org\/{rel}","templated":true}]}}